{"id":185,"date":"2021-04-29T12:46:56","date_gmt":"2021-04-29T09:46:56","guid":{"rendered":"https:\/\/epood.ids80.ee\/?page_id=185"},"modified":"2021-05-28T11:36:30","modified_gmt":"2021-05-28T08:36:30","slug":"ostutingimused","status":"publish","type":"page","link":"https:\/\/epood.ids.ee\/?page_id=185","title":{"rendered":"Ostutingimused"},"content":{"rendered":"\n<p class=\"has-medium-font-size\"><strong>Makseviisid<\/strong><\/p>\n\n\n\n<p>Peale tellimuse k\u00e4tte saamist, saadame Teile tellimus-kinnituse, mille alusel saate teha \u00fclekande.<br>Kaup saadetakse v\u00e4lja peale tellimus-kinnituse tasumist ja laekumist iDS-ile.<\/p>\n\n\n\n<p class=\"has-medium-font-size\"><strong>Tarneviisid<\/strong><\/p>\n\n\n\n<p>Laos olev kaup saadetakse kliendile kulleriga 2 -5 p\u00e4eva jooksul, peale tellimus-kinnituse laekumist iDS-ile. Kullerteenuse hind on 12\u20ac+KM.<br><\/p>\n\n\n\n<p>T\u00f6\u00f6p\u00e4evadel 09.00 &#8211; 17.00 saab kaubale j\u00e4rele tulla aadressitel:<\/p>\n\n\n\n<p><strong>Tallinn<\/strong><br>Tammsaare tee 47<br>3 korrus<\/p>\n\n\n\n<p><strong>Tartu<\/strong><br>Ropka tee 6<\/p>\n\n\n\n<p>Ise kaubale j\u00e4rele tulles ei lisandu hinnale saatekulu.<\/p>\n\n\n\n<p>Kui tellitavat kaupa laos ei ole, on oodatav tarneaeg pikem.  Tarneaeg v\u00f5ib erineda, s\u00f5ltuvalt kauba p\u00e4ritolu riigi riiklikest p\u00fchadest jms.<\/p>\n","protected":false},"excerpt":{"rendered":"<p>Makseviisid Peale tellimuse k\u00e4tte saamist, saadame Teile tellimus-kinnituse, mille alusel saate teha \u00fclekande.Kaup saadetakse v\u00e4lja peale tellimus-kinnituse tasumist ja laekumist iDS-ile. Tarneviisid Laos olev kaup saadetakse kliendile kulleriga 2 -5 p\u00e4eva jooksul, peale tellimus-kinnituse laekumist iDS-ile. Kullerteenuse hind on 12\u20ac+KM. T\u00f6\u00f6p\u00e4evadel 09.00 &#8211; 17.00 saab kaubale j\u00e4rele tulla aadressitel: TallinnTammsaare tee 473 korrus TartuRopka tee&hellip;<\/p>\n","protected":false},"author":3,"featured_media":0,"parent":0,"menu_order":0,"comment_status":"closed","ping_status":"closed","template":"","meta":{"footnotes":""},"class_list":["post-185","page","type-page","status-publish","hentry"],"_links":{"self":[{"href":"https:\/\/epood.ids.ee\/index.php?rest_route=\/wp\/v2\/pages\/185","targetHints":{"allow":["GET"]}}],"collection":[{"href":"https:\/\/epood.ids.ee\/index.php?rest_route=\/wp\/v2\/pages"}],"about":[{"href":"https:\/\/epood.ids.ee\/index.php?rest_route=\/wp\/v2\/types\/page"}],"author":[{"embeddable":true,"href":"https:\/\/epood.ids.ee\/index.php?rest_route=\/wp\/v2\/users\/3"}],"replies":[{"embeddable":true,"href":"https:\/\/epood.ids.ee\/index.php?rest_route=%2Fwp%2Fv2%2Fcomments&post=185"}],"version-history":[{"count":5,"href":"https:\/\/epood.ids.ee\/index.php?rest_route=\/wp\/v2\/pages\/185\/revisions"}],"predecessor-version":[{"id":716,"href":"https:\/\/epood.ids.ee\/index.php?rest_route=\/wp\/v2\/pages\/185\/revisions\/716"}],"wp:attachment":[{"href":"https:\/\/epood.ids.ee\/index.php?rest_route=%2Fwp%2Fv2%2Fmedia&parent=185"}],"curies":[{"name":"wp","href":"https:\/\/api.w.org\/{rel}","templated":true}]}}