{"id":205,"date":"2021-04-29T14:17:48","date_gmt":"2021-04-29T11:17:48","guid":{"rendered":"https:\/\/epood.ids80.ee\/?page_id=205"},"modified":"2021-04-29T14:17:49","modified_gmt":"2021-04-29T11:17:49","slug":"privaatsuspoliitika","status":"publish","type":"page","link":"https:\/\/epood.ids.ee\/?page_id=205","title":{"rendered":"Privaatsuspoliitika"},"content":{"rendered":"\n<p id=\"block-6eed3eb4-3634-4a96-a7ee-beabdbcc1a4a\">Isikuandmete vastutav t\u00f6\u00f6tleja on iD S\u00fcsteemide O\u00dc (edaspidi iDS v\u00f5i meie; registrikood 14259084; juriidiline aadress A. H. Tammsaare tee 47 Tallinn Harjumaa 11316).<\/p>\n\n\n\n<p id=\"block-37ec7939-a91e-4bce-98dc-ecc06324664a\">Privaatsuspoliitika kohaldub Teile, kui (i) olete meile edastanud oma isikuandmed pakkumiste saamiseks, (ii) olete meiega v\u00f5tnud \u00fchendust meie kodulehel oleva vormi kaudu ning edastanud selleks ka oma isikuandmed, v\u00f5i (iii) oleme Teie isikuandmed saanud seet\u00f5ttu, et olete meie juriidilisest isikust kliendi (sh potentsiaalse kliendi) v\u00f5i koost\u00f6\u00f6partneri esindaja v\u00f5i kontaktisik. Potentsiaalsete klientide hulka kuuluvad kliendid, kes on ise meie teenuste vastu huvi tundnud v\u00f5i kellele oleme teinud omal initsiatiivil pakkumise meie teenuste kasutamiseks.<\/p>\n\n\n\n<p id=\"block-a70ed4e8-da04-4dd9-b787-36e9974f56fb\">Privaatsuspoliitika ei kehti juriidiliste isikute andmete suhtes ega h\u00f5lma isikuandmete t\u00f6\u00f6tlemist veebilehtedel\/teenuskeskkondadel, millele meie veebilehtedel\/teenuskeskkondadel viidatakse (v\u00e4lislingid).<\/p>\n\n\n\n<p id=\"block-3a097e94-7969-45ab-b408-b0efc2bf3f26\"><strong>T\u00f6\u00f6deldavad isikuandmed<\/strong><\/p>\n\n\n\n<p id=\"block-910c7b49-a904-4ff6-a462-471863901616\">Kui olete avaldanud soovi saada osa iDS-i pakkumistest ning edastanud meile sel eesm\u00e4rgil meie kodulehel oleva vormi kaudu oma e-posti aadressi, t\u00f6\u00f6tleme \u00fcksnes teie e-posti aadressi.<\/p>\n\n\n\n<p id=\"block-04ce891f-83c8-4647-951a-98e13d18db69\">Kui olete meiega iDS kodulehe vahendusel kontakteerunud ning edastanud meile sel eesm\u00e4rgil oma isikuandmed, t\u00f6\u00f6tleme Teie kohta j\u00e4rgmisi isikuandmeid:<\/p>\n\n\n\n<p id=\"block-e3c742ef-d189-4f76-ab73-d36876d0a7b4\">\u2022 ees- ja perekonnanimi;<\/p>\n\n\n\n<p id=\"block-4ce27930-d475-49f8-8c26-5079be9ec005\">\u2022 e-posti aadress;<\/p>\n\n\n\n<p id=\"block-abee5b3e-02e0-4ce3-95d5-de74089e3537\">\u2022 s\u00f5numi sisus edastatud andmed.<\/p>\n\n\n\n<p id=\"block-a8688dd4-5a81-4806-9f57-bfe45779cc0f\">Kui olete meie kliendi (sh potentsiaalse kliendi) v\u00f5i koost\u00f6\u00f6partneri esindaja v\u00f5i kontaktisik, t\u00f6\u00f6tleme Teie isikuandmeid, mille on meile edastanud Teiega seotud juriidiline isik v\u00f5i mille olete meile edastanud ise. Potentsiaalsetele klientidele pakkumiste tegemiseks v\u00f5ime koguda Teie isikuandmeid ka avalikest allikatest (nt juriidilise isiku kodulehek\u00fclg, \u00e4riregister jms), kuid \u00fcksnes juhul, kui Teie isikuandmed on avaldatud seoses juriidilise isiku tegevusega.<\/p>\n\n\n\n<p id=\"block-8d758db4-04f8-4cd2-b468-a86f1ad45465\">V\u00f5ime t\u00f6\u00f6delda Teie kohta j\u00e4rgmisi isikuandmeid:<\/p>\n\n\n\n<p id=\"block-6503ebdd-46eb-4d4e-98f5-dde2ca7bf209\">\u2022 ees- ja perekonnanimi;<\/p>\n\n\n\n<p id=\"block-eeba370b-70ed-477a-87b4-9dc2f27e4334\">\u2022 isikukood ;<\/p>\n\n\n\n<p id=\"block-e7f8107f-ec76-408b-9a8c-efd87ae0195d\">\u2022 t\u00f6\u00f6alased kontaktandmed (telefoninumber, e-posti aadress);<\/p>\n\n\n\n<p id=\"block-2b839c28-b73b-4db7-adcb-ebdd75e854fe\">\u2022 Teie ametikoht meie kliendi v\u00f5i koost\u00f6\u00f6partneri juures;<\/p>\n\n\n\n<p id=\"block-dc866589-356b-44e8-8ab6-f6c272f6a920\">\u2022 muud andmed, mille olete meile teenuse osutamise eesm\u00e4rgil edastanud.<\/p>\n\n\n\n<p id=\"block-9e63d421-78a7-42a9-8594-feaff0399b1f\">Pange t\u00e4hele, et isikuandmed on mis tahes andmed tuvastatud v\u00f5i tuvastatava f\u00fc\u00fcsilise isiku kohta. Juriidilise isiku andmed ei ole isikuandmed. iDS t\u00f6\u00f6tleb \u00fcksnes isikuandmeid, mille t\u00f6\u00f6tlemine on seatud eesm\u00e4rkidest tulenevalt minimaalselt vajalik.<\/p>\n\n\n\n<p id=\"block-39dec97a-ca88-47fa-8419-ec6f4a84dfd3\"><strong>Isikuandmete t\u00f6\u00f6tlemise eesm\u00e4rgid ja t\u00f6\u00f6tlemise alused<\/strong><\/p>\n\n\n\n<p id=\"block-c19cef4a-5253-433c-ba54-09cce8a42aad\">Kui olete edastanud meile oma e-posti aadressi, et saada informatsiooni ja pakkumisi meie teenuste kohta, siis t\u00f6\u00f6tleme Teie isikuandmeid \u00fcksnes eeltoodud eesm\u00e4rgil. Teie isikuandmete t\u00f6\u00f6tlemise \u00f5iguslik alus on sellisel juhul Teie n\u00f5usolek. Pange t\u00e4hele, et Teil on \u00f5igus antud n\u00f5usolek igal ajal tagasi v\u00f5tta, saates meile selle kohta e-kirja alltoodud aadressil. N\u00f5usoleku tagasiv\u00f5tmine ei m\u00f5juta enne tagasiv\u00f5tmist n\u00f5usoleku alusel toimunud t\u00f6\u00f6tlemise seaduslikkust.<\/p>\n\n\n\n<p id=\"block-69481158-90e3-43fc-a3e3-df958041ac74\">Kui olete meiega kodulehe vahendusel \u00fchendust v\u00f5tnud, siis t\u00f6\u00f6tleme Teie isikuandmeid \u00fcksnes selleks, et Teie saadetud s\u00f5numile vastata. Teie isikuandmete t\u00f6\u00f6tlemise \u00f5iguslik alus on sellisel juhul meie \u00f5igustatud huvi anda Teile soovitud informatsiooni. Arvestame, et meie poole p\u00f6\u00f6rdudes avaldate ise soovi, et Teie isikuandmeid sel eesm\u00e4rgil t\u00f6\u00f6deldaks. Sellest tulenevalt oleme kaalumise tulemusel leidnud, et meie huvi kaalub \u00fcles Teie huvid, p\u00f5hi\u00f5igused ja -vabadused, mille nimel tuleb kaitsta isikuandmeid. Teil on \u00f5igus esitada vastuv\u00e4ide oma isikuandmete t\u00f6\u00f6tlemisele, mida teostame \u00f5igustatud huvi alusel.<\/p>\n\n\n\n<p id=\"block-97d83126-0633-4e8a-a6b6-02be81648462\">Kui olete meie kliendi (sh potentsiaalse kliendi) v\u00f5i koost\u00f6\u00f6partneri esindaja v\u00f5i kontaktisik, siis t\u00f6\u00f6tleme Teie isikuandmeid j\u00e4rgmistel eesm\u00e4rkidel:<\/p>\n\n\n\n<p id=\"block-0fdee97f-f043-4f8d-a991-985f9d3a4af9\">\u2022 kliendi v\u00f5i koost\u00f6\u00f6partneriga s\u00f5lmitava lepingu ettevalmistamine, lepingu s\u00f5lmimine ning lepingu t\u00e4itmine (sh arvete koostamine, isiku tuvastamine);<\/p>\n\n\n\n<p id=\"block-35cb7f33-64d0-49e8-a377-bcdd8afce20c\">\u2022 teenuste osutamine ja kliendisuhte haldamine (nt kliendi v\u00f5i koost\u00f6\u00f6partneriga kontakteerumine, v\u00f5imalike k\u00fcsimuste lahendamine);<\/p>\n\n\n\n<p id=\"block-9f15c071-809f-4b7a-b3f0-73b7305f1efa\">\u2022 uute teenuste ja v\u00f5imaluste kohta teabe ning pakkumiste saatmine;<\/p>\n\n\n\n<p id=\"block-ec9f6180-56a0-48f3-a9c0-96fa80bca4fe\">\u2022 iDS teenuste haldamine ja arendus.<\/p>\n\n\n\n<p id=\"block-d2c9d2fd-edb8-4269-999c-83635c7d0cee\">T\u00f6\u00f6deldes Teie isikuandmeid seet\u00f5ttu, et olete meie kliendi (sh potentsiaalse kliendi) v\u00f5i koost\u00f6\u00f6partneri esindaja v\u00f5i kontaktisik, on isikuandmete t\u00f6\u00f6tlemise \u00f5iguslikuks aluseks meie \u00f5igustatud huvi pakkuda Teiega seotud juriidilisele isikule meie teenuseid v\u00f5i teha muul moel koost\u00f6\u00f6d. Arvestame, et kliendi v\u00f5i koost\u00f6\u00f6partneri esindaja v\u00f5i kontaktisik tegutseb vastava juriidilise isiku majanduslikes huvides ja majandustegevuse raames. Sellest tulenevalt oleme kaalumise tulemusel leidnud, et meie huvi kaalub \u00fcles Teie huvid, p\u00f5hi\u00f5igused ja -vabadused, mille nimel tuleb kaitsta isikuandmeid. Teil on \u00f5igus esitada vastuv\u00e4ide oma isikuandmete t\u00f6\u00f6tlemisele, mida teostame \u00f5igustatud huvi alusel.<\/p>\n\n\n\n<p id=\"block-9d032a8a-cd49-43b1-9436-b34562a4c6c6\">Vajadusel v\u00f5ime t\u00f6\u00f6delda Teie isikuandmeid ka meie \u00f5igusaktidest tulenevate kohustuste t\u00e4itmiseks v\u00f5i meie \u00f5iguste kaitsmiseks, sh n\u00f5uete esitamiseks v\u00f5i enda nende eest kaitsmiseks, millisel juhul on isikuandmete t\u00f6\u00f6tlemise \u00f5iguslik alus meie \u00f5igustatud huvi kaitsta oma \u00f5igusi.<\/p>\n\n\n\n<p id=\"block-3acbc92e-1cc3-4931-beb8-6030cdcbf756\"><strong>Andmete s\u00e4ilitamine<\/strong><\/p>\n\n\n\n<p id=\"block-4764c4ff-8cd4-49fb-a7a9-61bf5c448f54\">S\u00e4ilitame Teie isikuandmeid nii kaua, kui see on vajalik nende eesm\u00e4rkide saavutamiseks, milleks isikuandmed on kogutud. N\u00e4iteks l\u00e4htume j\u00e4rgmistest s\u00e4ilitamise t\u00e4htaegadest:<\/p>\n\n\n\n<p id=\"block-7d6dff2c-b016-46df-873f-a58527659189\">\u2022 Raamatupidamiskohustuste t\u00e4itmiseks peame lepinguid ning nende t\u00e4itmisega seotud andmeid s\u00e4ilitama v\u00e4hemalt 7 aastat alates lepingu s\u00f5lmimise majandusaasta l\u00f5ppemisest;<\/p>\n\n\n\n<p id=\"block-6b8c2f21-f4af-4fc9-9c8a-a2345abc442f\">\u2022 Tulenevalt Eesti \u00f5iguses kehtivatest n\u00f5uete aegumist\u00e4htaegadest, v\u00f5ime s\u00e4ilitada lepinguliste n\u00f5uetega seotud isikuandmeid kuni 11 aastat alates kliendisuhte v\u00f5i koost\u00f6\u00f6suhte l\u00f5petamist.<\/p>\n\n\n\n<p id=\"block-b5c38e63-0995-4be7-a5d7-7475930eeab7\"><strong>Andmete jagamine<\/strong><\/p>\n\n\n\n<p id=\"block-34f3b638-7fa3-42f8-a202-3fa3da1871d4\">Teie isikuandmetele saavad ligip\u00e4\u00e4su \u00fcksnes need iDS t\u00f6\u00f6tajad, kellel on selleks oma t\u00f6\u00f6kohta arvestades p\u00f5hjendatud vajadus. Samuti v\u00f5ime edastada Teie isikuandmeid kolmandatele isikutele, kuid seda \u00fcksnes juhul, kui meil on selle p\u00f5hjendatud vajadus ning \u00f5iguslik alus.<\/p>\n\n\n\n<p id=\"block-6e94fce9-2b40-4f33-be58-4ef2dc031f24\">Kasutame oma tegevuses teenusepakkujaid, kes v\u00f5ivad meile teenuseid osutades saada ligip\u00e4\u00e4su Teie isikuandmetele. Sellised teenusepakkujaid k\u00e4ituvad Teie isikuandmete suhtes volitatud t\u00f6\u00f6tlejatena ehk t\u00f6\u00f6tlevad isikuandmeid \u00fcksnes meie juhiste kohaselt ning meie nimel. Selliste volitatud t\u00f6\u00f6tlejate hulka kuuluvad n\u00e4iteks reklaamiteenuse ning programmeerimisteenuse pakkujad.<\/p>\n\n\n\n<p id=\"block-42b8db9d-e1f7-4703-b697-33731ef3ecc5\">Sobiva \u00f5igusliku aluse olemasolul v\u00f5ime Teie isikuandmeid jagada ka j\u00e4rgmiste kolmandate isikutega, kes k\u00e4ituvad Teie isikuandmete suhtes eraldiseisvate vastutavate t\u00f6\u00f6tlejatena:<\/p>\n\n\n\n<p id=\"block-5bb48dd8-ff94-4a0d-a984-00b6b917af8e\">\u2022 \u00f5igusteenuse osutajad, kui isikuandmete jagamine on vajalik meie \u00f5iguste kaitsmiseks, millisel juhul on isikuandmete edastamise \u00f5iguslik alus meie \u00f5igustatud huvi oma \u00f5igusi kaitsta;<\/p>\n\n\n\n<p id=\"block-b9f10a58-4c44-4a82-9223-9eeae401a2b5\">\u2022 kolmandad isikud, kellele peame isikuandmed edastama m\u00f5nest \u00f5igusaktist tuleneva kohustuse t\u00e4itmiseks (eelk\u00f5ige ameti- ja j\u00e4relevalveasutused), millisel juhul on isikuandmete edastamise \u00f5iguslik alus meie \u00f5igusaktidest tuleneva kohustuse t\u00e4itmine;<\/p>\n\n\n\n<p id=\"block-58f3d227-5e84-463a-a6c7-22eb7b5bbc90\">\u2022 Edastame Teie isikuandmeid v\u00e4ljapoole Euroopa Liitu ja Euroopa Majanduspiirkonda \u00fcksnes, kui meil on selleks seaduslik alus, sealhulgas andmete saajale: 1) kes asub riigis, kus on Euroopa Komisjoni hinnangul isikuandmete kaitse tagatud piisaval tasemel; v\u00f5i 2) lepingu alusel, mis vastab Euroopa Liidu n\u00f5uetele isikuandmete edastamiseks v\u00e4ljaspool Euroopa Liitu asuvatele isikuandmete t\u00f6\u00f6tlejatele.<\/p>\n\n\n\n<p id=\"block-23c25c52-cb2d-4e52-a2ec-70b70289df54\"><strong>Teie \u00f5igused<\/strong><\/p>\n\n\n\n<p id=\"block-9441cea8-d1c7-4323-ad44-12b11ba34321\">Teil on oma isikuandmete suhtes k\u00f5ik kohalduvates andmekaitsealastes \u00f5igusaktides s\u00e4testatud \u00f5igused seal toodud ulatuses (need \u00f5igused ei ole absoluutsed).<\/p>\n\n\n\n<p id=\"block-4fe0354e-aa20-4890-ab82-89fd6cb43354\">Teil on \u00f5igus:<\/p>\n\n\n\n<p id=\"block-8b5d58c2-5bd2-43a9-b832-a30e170dfebd\">\u2022 taotleda juurdep\u00e4\u00e4su oma isikuandmetele ning saada isikuandmetest koopia;<\/p>\n\n\n\n<p id=\"block-e8fc3a1d-9c8f-4f50-a792-a8f8599f50ee\">\u2022 n\u00f5uda eba\u00f5igete isikuandmete parandamist;<\/p>\n\n\n\n<p id=\"block-2f81c7cc-d0a2-4663-83ac-140d562bcc94\">\u2022 n\u00f5ude isikuandmete kustutamist;<\/p>\n\n\n\n<p id=\"block-96e5ff40-038c-4944-bec5-4f2a2f085652\">\u2022 n\u00f5uda isikuandmete t\u00f6\u00f6tlemise piiramist;<\/p>\n\n\n\n<p id=\"block-31ab0440-dcc2-4ecc-b89e-9dccd08e2d95\">\u2022 n\u00f5uda isikuandmete \u00fclekandmist;<\/p>\n\n\n\n<p id=\"block-63586c18-61c9-4a79-af30-8ee9cc621970\">\u2022 esitada vastuv\u00e4ide isikuandmete t\u00f6\u00f6tlemisele, kui see toimub \u00f5igustatud huvi alusel;<\/p>\n\n\n\n<p id=\"block-c30ab7fc-6f46-40c1-a4c8-2b7c379c08a4\">\u2022 v\u00f5tta isikuandmete t\u00f6\u00f6tlemiseks antud n\u00f5usolek tagasi.<\/p>\n\n\n\n<p id=\"block-25f5db4c-888a-4056-b6ad-97e3a397cca4\">Kui soovite oma \u00f5igusi teostada v\u00f5i Teil on k\u00fcsimusi oma isikuandmete t\u00f6\u00f6tlemise kohta, siis andke meile sellest teada e-kirja teel info@ids.ee . Kui vaatamata meie selgitustele tundub Teile, et Teie isikuandmetega seotud \u00f5igusi on rikutud, on Teil ka \u00f5igus p\u00f6\u00f6rduda Andmekaitse Inspektsiooni v\u00f5i kohtu poole.<\/p>\n\n\n\n<p id=\"block-4cfb6b85-458e-4302-8f47-5ba34e7ef1cf\"><strong>Meie kontaktandmed<\/strong><\/p>\n\n\n\n<p id=\"block-a273cbf5-c7c3-45a2-b7ac-8f2d503efa5d\">Aadress: A. H. Tammsaare tee 47 Tallinn Harjumaa 11316<\/p>\n\n\n\n<p id=\"block-96cc369a-1f47-4c0b-a78c-2f7b8815dd08\">E-posti aadress: info@ids.ee<\/p>\n\n\n\n<p id=\"block-51d329b9-88f5-405e-a459-c67f99259ec9\"><strong>Privaatsuspoliitika muudatused<\/strong><\/p>\n\n\n\n<p id=\"block-26ca1e9f-2174-4b78-8105-c93643508f5b\">V\u00f5ime k\u00e4esolevat privaatsuspoliitikat muuta, kui muutmine on vajalik, sest muutunud on meie isikuandmete t\u00f6\u00f6tlemise praktika, andmekaitsealased \u00f5igusaktid, j\u00e4relevalveasutuste juhised, kohtu- v\u00f5i j\u00e4relevalveasutuste praktika v\u00f5i kui muutmine on vajalik muude m\u00f5istlike asjaolude t\u00f5ttu. Privaatsuspoliitika muutumisest teavitame Teid e-posti teel v\u00f5i avaldades sellekohase teate meie kodulehel.<\/p>\n\n\n\n<p id=\"block-81d328f8-bd4d-4319-92cf-4874dac7ab9c\">Privaatsuspoliitika kehtib alates 1.11.2020<\/p>\n","protected":false},"excerpt":{"rendered":"<p>Isikuandmete vastutav t\u00f6\u00f6tleja on iD S\u00fcsteemide O\u00dc (edaspidi iDS v\u00f5i meie; registrikood 14259084; juriidiline aadress A. H. Tammsaare tee 47 Tallinn Harjumaa 11316). Privaatsuspoliitika kohaldub Teile, kui (i) olete meile edastanud oma isikuandmed pakkumiste saamiseks, (ii) olete meiega v\u00f5tnud \u00fchendust meie kodulehel oleva vormi kaudu ning edastanud selleks ka oma isikuandmed, v\u00f5i (iii) oleme Teie&hellip;<\/p>\n","protected":false},"author":3,"featured_media":0,"parent":0,"menu_order":0,"comment_status":"closed","ping_status":"closed","template":"","meta":{"footnotes":""},"class_list":["post-205","page","type-page","status-publish","hentry"],"_links":{"self":[{"href":"https:\/\/epood.ids.ee\/index.php?rest_route=\/wp\/v2\/pages\/205","targetHints":{"allow":["GET"]}}],"collection":[{"href":"https:\/\/epood.ids.ee\/index.php?rest_route=\/wp\/v2\/pages"}],"about":[{"href":"https:\/\/epood.ids.ee\/index.php?rest_route=\/wp\/v2\/types\/page"}],"author":[{"embeddable":true,"href":"https:\/\/epood.ids.ee\/index.php?rest_route=\/wp\/v2\/users\/3"}],"replies":[{"embeddable":true,"href":"https:\/\/epood.ids.ee\/index.php?rest_route=%2Fwp%2Fv2%2Fcomments&post=205"}],"version-history":[{"count":1,"href":"https:\/\/epood.ids.ee\/index.php?rest_route=\/wp\/v2\/pages\/205\/revisions"}],"predecessor-version":[{"id":207,"href":"https:\/\/epood.ids.ee\/index.php?rest_route=\/wp\/v2\/pages\/205\/revisions\/207"}],"wp:attachment":[{"href":"https:\/\/epood.ids.ee\/index.php?rest_route=%2Fwp%2Fv2%2Fmedia&parent=205"}],"curies":[{"name":"wp","href":"https:\/\/api.w.org\/{rel}","templated":true}]}}