{"id":350,"date":"2023-01-05T12:27:24","date_gmt":"2023-01-05T09:27:24","guid":{"rendered":"https:\/\/epood.ids80.ee\/?page_id=350"},"modified":"2023-01-05T12:56:20","modified_gmt":"2023-01-05T09:56:20","slug":"kaupluse-taislahendused-2","status":"publish","type":"page","link":"https:\/\/epood.ids.ee\/","title":{"rendered":"TELLIMISKESKUS"},"content":{"rendered":"\t\t<div data-elementor-type=\"wp-page\" data-elementor-id=\"350\" class=\"elementor elementor-350\">\n\t\t\t\t\t\t\t\t\t<section class=\"elementor-section elementor-top-section elementor-element elementor-element-c5e8cfd elementor-section-boxed elementor-section-height-default elementor-section-height-default\" data-id=\"c5e8cfd\" data-element_type=\"section\">\n\t\t\t\t\t\t<div class=\"elementor-container elementor-column-gap-default\">\n\t\t\t\t\t<div class=\"elementor-column elementor-col-100 elementor-top-column elementor-element elementor-element-c8580b5\" data-id=\"c8580b5\" data-element_type=\"column\">\n\t\t\t<div class=\"elementor-widget-wrap elementor-element-populated\">\n\t\t\t\t\t\t\t\t<div class=\"elementor-element elementor-element-ee8869c elementor-widget elementor-widget-martfury-category-box\" data-id=\"ee8869c\" data-element_type=\"widget\" data-widget_type=\"martfury-category-box.default\">\n\t\t\t\t<div class=\"elementor-widget-container\">\n\t\t\t<div class=\"mf-category-box\"><div class=\"cat-header\"><\/div><div class=\"sub-categories\"> <div class=\"col-mf-5 col-sm-3 col-xs-6 col-cat\"><a class=\"term-item\" href=\"https:\/\/epood.ids.ee\/?product_cat=iseteenindus-kassariistvara\"><img loading=\"lazy\" decoding=\"async\" width=\"160\" height=\"160\" src=\"https:\/\/epood.ids.ee\/wp-content\/uploads\/2021\/05\/iseteenindus.png\" class=\"\" alt=\"\" srcset=\"https:\/\/epood.ids.ee\/wp-content\/uploads\/2021\/05\/iseteenindus.png 160w, https:\/\/epood.ids.ee\/wp-content\/uploads\/2021\/05\/iseteenindus-100x100.png 100w, https:\/\/epood.ids.ee\/wp-content\/uploads\/2021\/05\/iseteenindus-150x150.png 150w\" sizes=\"auto, (max-width: 160px) 100vw, 160px\" \/> <h3 class=\"term-name\">Iseteenindus <span class=\"count\">3 Items<\/span><\/h3><\/a><\/div> <div class=\"col-mf-5 col-sm-3 col-xs-6 col-cat\"><a class=\"term-item\" href=\"https:\/\/epood.ids.ee\/?product_cat=programmeeritavad-klaviatuurid\"><img loading=\"lazy\" decoding=\"async\" width=\"160\" height=\"160\" src=\"https:\/\/epood.ids.ee\/wp-content\/uploads\/2021\/05\/klaviatuurid.png\" class=\"\" alt=\"\" srcset=\"https:\/\/epood.ids.ee\/wp-content\/uploads\/2021\/05\/klaviatuurid.png 160w, https:\/\/epood.ids.ee\/wp-content\/uploads\/2021\/05\/klaviatuurid-100x100.png 100w, https:\/\/epood.ids.ee\/wp-content\/uploads\/2021\/05\/klaviatuurid-150x150.png 150w\" sizes=\"auto, (max-width: 160px) 100vw, 160px\" \/> <h3 class=\"term-name\">Kassa klaviatuurid <span class=\"count\">1 Item<\/span><\/h3><\/a><\/div> <div class=\"col-mf-5 col-sm-3 col-xs-6 col-cat\"><a class=\"term-item\" href=\"https:\/\/epood.ids.ee\/?product_cat=vootkoodilugejad\"><img loading=\"lazy\" decoding=\"async\" width=\"160\" height=\"160\" src=\"https:\/\/epood.ids.ee\/wp-content\/uploads\/2021\/05\/vootkoodilugejad.png\" class=\"\" alt=\"\" srcset=\"https:\/\/epood.ids.ee\/wp-content\/uploads\/2021\/05\/vootkoodilugejad.png 160w, https:\/\/epood.ids.ee\/wp-content\/uploads\/2021\/05\/vootkoodilugejad-100x100.png 100w, https:\/\/epood.ids.ee\/wp-content\/uploads\/2021\/05\/vootkoodilugejad-150x150.png 150w\" sizes=\"auto, (max-width: 160px) 100vw, 160px\" \/> <h3 class=\"term-name\">V\u00f6\u00f6tkoodilugejad <span class=\"count\">7 Items<\/span><\/h3><\/a><\/div> <div class=\"col-mf-5 col-sm-3 col-xs-6 col-cat\"><a class=\"term-item\" href=\"https:\/\/epood.ids.ee\/?product_cat=tsekiprinterid\"><img loading=\"lazy\" decoding=\"async\" width=\"160\" height=\"160\" src=\"https:\/\/epood.ids.ee\/wp-content\/uploads\/2021\/05\/tsekiprinter.png\" class=\"\" alt=\"\" srcset=\"https:\/\/epood.ids.ee\/wp-content\/uploads\/2021\/05\/tsekiprinter.png 160w, https:\/\/epood.ids.ee\/wp-content\/uploads\/2021\/05\/tsekiprinter-100x100.png 100w, https:\/\/epood.ids.ee\/wp-content\/uploads\/2021\/05\/tsekiprinter-150x150.png 150w\" sizes=\"auto, (max-width: 160px) 100vw, 160px\" \/> <h3 class=\"term-name\">T\u0161ekiprinterid <span class=\"count\">3 Items<\/span><\/h3><\/a><\/div> <\/div><\/div>\t\t<\/div>\n\t\t\t\t<\/div>\n\t\t\t\t\t<\/div>\n\t\t<\/div>\n\t\t\t\t\t\t\t<\/div>\n\t\t<\/section>\n\t\t\t\t<section class=\"elementor-section elementor-top-section elementor-element elementor-element-7e0d2d1 elementor-section-boxed elementor-section-height-default elementor-section-height-default\" data-id=\"7e0d2d1\" data-element_type=\"section\">\n\t\t\t\t\t\t<div class=\"elementor-container elementor-column-gap-default\">\n\t\t\t\t\t<div class=\"elementor-column elementor-col-100 elementor-top-column elementor-element elementor-element-438cae0\" data-id=\"438cae0\" data-element_type=\"column\">\n\t\t\t<div class=\"elementor-widget-wrap elementor-element-populated\">\n\t\t\t\t\t\t\t\t<div class=\"elementor-element elementor-element-0046527 elementor-widget elementor-widget-image\" data-id=\"0046527\" data-element_type=\"widget\" data-widget_type=\"image.default\">\n\t\t\t\t<div class=\"elementor-widget-container\">\n\t\t\t\t\t\t\t\t\t\t\t\t\t\t\t<img loading=\"lazy\" decoding=\"async\" width=\"1068\" height=\"321\" src=\"https:\/\/epood.ids.ee\/wp-content\/uploads\/2023\/01\/banner_08_epood.png\" class=\"attachment-full size-full wp-image-838\" alt=\"\" srcset=\"https:\/\/epood.ids.ee\/wp-content\/uploads\/2023\/01\/banner_08_epood.png 1068w, https:\/\/epood.ids.ee\/wp-content\/uploads\/2023\/01\/banner_08_epood-300x90.png 300w, https:\/\/epood.ids.ee\/wp-content\/uploads\/2023\/01\/banner_08_epood-1024x308.png 1024w, https:\/\/epood.ids.ee\/wp-content\/uploads\/2023\/01\/banner_08_epood-150x45.png 150w, https:\/\/epood.ids.ee\/wp-content\/uploads\/2023\/01\/banner_08_epood-768x231.png 768w, https:\/\/epood.ids.ee\/wp-content\/uploads\/2023\/01\/banner_08_epood-370x111.png 370w, https:\/\/epood.ids.ee\/wp-content\/uploads\/2023\/01\/banner_08_epood-500x150.png 500w\" sizes=\"auto, (max-width: 1068px) 100vw, 1068px\" \/>\t\t\t\t\t\t\t\t\t\t\t\t\t\t\t<\/div>\n\t\t\t\t<\/div>\n\t\t\t\t\t<\/div>\n\t\t<\/div>\n\t\t\t\t\t\t\t<\/div>\n\t\t<\/section>\n\t\t\t\t\t\t\t<\/div>\n\t\t","protected":false},"excerpt":{"rendered":"<p>Iseteenindus 3 Items Tugiteenus 2 Items Kassa klaviatuurid 1 Item V\u00f6\u00f6tkoodilugejad 7 Items T\u0161ekiprinterid 3 Items<\/p>\n","protected":false},"author":3,"featured_media":0,"parent":0,"menu_order":0,"comment_status":"closed","ping_status":"closed","template":"","meta":{"footnotes":""},"class_list":["post-350","page","type-page","status-publish","hentry"],"_links":{"self":[{"href":"https:\/\/epood.ids.ee\/index.php?rest_route=\/wp\/v2\/pages\/350","targetHints":{"allow":["GET"]}}],"collection":[{"href":"https:\/\/epood.ids.ee\/index.php?rest_route=\/wp\/v2\/pages"}],"about":[{"href":"https:\/\/epood.ids.ee\/index.php?rest_route=\/wp\/v2\/types\/page"}],"author":[{"embeddable":true,"href":"https:\/\/epood.ids.ee\/index.php?rest_route=\/wp\/v2\/users\/3"}],"replies":[{"embeddable":true,"href":"https:\/\/epood.ids.ee\/index.php?rest_route=%2Fwp%2Fv2%2Fcomments&post=350"}],"version-history":[{"count":109,"href":"https:\/\/epood.ids.ee\/index.php?rest_route=\/wp\/v2\/pages\/350\/revisions"}],"predecessor-version":[{"id":863,"href":"https:\/\/epood.ids.ee\/index.php?rest_route=\/wp\/v2\/pages\/350\/revisions\/863"}],"wp:attachment":[{"href":"https:\/\/epood.ids.ee\/index.php?rest_route=%2Fwp%2Fv2%2Fmedia&parent=350"}],"curies":[{"name":"wp","href":"https:\/\/api.w.org\/{rel}","templated":true}]}}