{"id":126,"date":"2021-04-26T16:53:33","date_gmt":"2021-04-26T13:53:33","guid":{"rendered":"https:\/\/epood.ids80.ee\/?post_type=product&#038;p=126"},"modified":"2021-12-23T10:18:42","modified_gmt":"2021-12-23T07:18:42","slug":"kliendiekraan-glancetron-70-st","status":"publish","type":"product","link":"https:\/\/epood.ids.ee\/?product=kliendiekraan-glancetron-70-st","title":{"rendered":"Kliendiekraan Glancetron 70-ST"},"content":{"rendered":"<ul>\n<li>7\u2033 puutetundlik monitor (16:9)<\/li>\n<li>Ekraani diagonaal 17.8 cm<\/li>\n<li>Resolutsioon 800\u00d7480<\/li>\n<li>Heledus 350cd<\/li>\n<li>Kontrast 400:1<\/li>\n<li>K\u00f5rgus 140 mm or 280 mm<\/li>\n<li>Vaatanurk 70\/60\u00b0(H\/V)<\/li>\n<li>\u00dchenduse t\u00fc\u00fcp USB<\/li>\n<li>Kaasas olevad kaablid USB<\/li>\n<li>V\u00e4rvus must<\/li>\n<\/ul>\n","protected":false},"excerpt":{"rendered":"<p>7\u2033 puutetundlik monitor (16:9) Ekraani diagonaal 17.8 cm Resolutsioon 800\u00d7480 Heledus 350cd Kontrast 400:1 K\u00f5rgus 140 mm or 280 mm Vaatanurk 70\/60\u00b0(H\/V) \u00dchenduse t\u00fc\u00fcp USB Kaasas olevad kaablid USB V\u00e4rvus must<\/p>\n","protected":false},"featured_media":128,"template":"","meta":[],"product_cat":[26],"product_tag":[],"class_list":{"0":"post-126","1":"product","2":"type-product","3":"status-publish","4":"has-post-thumbnail","6":"product_cat-kliendiekraanid","8":"first","9":"onbackorder","10":"taxable","11":"shipping-taxable","12":"product-type-simple","13":"col-xs-6 col-sm-4","14":"col-md-3 col-lg-3","15":"un-4-cols"},"_links":{"self":[{"href":"https:\/\/epood.ids.ee\/index.php?rest_route=\/wp\/v2\/product\/126","targetHints":{"allow":["GET"]}}],"collection":[{"href":"https:\/\/epood.ids.ee\/index.php?rest_route=\/wp\/v2\/product"}],"about":[{"href":"https:\/\/epood.ids.ee\/index.php?rest_route=\/wp\/v2\/types\/product"}],"version-history":[{"count":2,"href":"https:\/\/epood.ids.ee\/index.php?rest_route=\/wp\/v2\/product\/126\/revisions"}],"predecessor-version":[{"id":800,"href":"https:\/\/epood.ids.ee\/index.php?rest_route=\/wp\/v2\/product\/126\/revisions\/800"}],"wp:featuredmedia":[{"embeddable":true,"href":"https:\/\/epood.ids.ee\/index.php?rest_route=\/wp\/v2\/media\/128"}],"wp:attachment":[{"href":"https:\/\/epood.ids.ee\/index.php?rest_route=%2Fwp%2Fv2%2Fmedia&parent=126"}],"wp:term":[{"taxonomy":"product_cat","embeddable":true,"href":"https:\/\/epood.ids.ee\/index.php?rest_route=%2Fwp%2Fv2%2Fproduct_cat&post=126"},{"taxonomy":"product_tag","embeddable":true,"href":"https:\/\/epood.ids.ee\/index.php?rest_route=%2Fwp%2Fv2%2Fproduct_tag&post=126"}],"curies":[{"name":"wp","href":"https:\/\/api.w.org\/{rel}","templated":true}]}}