{"id":455,"date":"2021-05-06T10:13:10","date_gmt":"2021-05-06T07:13:10","guid":{"rendered":"https:\/\/epood.ids80.ee\/?post_type=product&#038;p=455"},"modified":"2021-12-23T10:18:07","modified_gmt":"2021-12-23T07:18:07","slug":"kliendikiosk","status":"publish","type":"product","link":"https:\/\/epood.ids.ee\/?product=kliendikiosk","title":{"rendered":"Kliendikiosk"},"content":{"rendered":"<p class=\"\">Kliendikiosk on kiire ja mugav lahendus, mille abil saab uue kliendi p\u00fcsikliendiks registreerida v\u00f5i olemasoleva kliendi andmeid kontrollida ja v\u00e4rskendada.<\/p>\n<p class=\"\">Kliendi kioskis on kliendil v\u00f5imalik ennast registreerida nii ID-kaardi abil kui ka nimeliselt. Nimelise kliendikaardi puhul, v\u00e4ljastab kliendikioski kliendile virtuaalse QR koodil p\u00f5hineva kliendikaardi.<br \/>\nVirtuaalse kliendikaardi koos QR-koodiga v\u00f5ib salvestada telefoni v\u00f5i soovi korral v\u00e4lja tr\u00fckkida.<\/p>\n<p class=\"\">Kliendikioskiga on GDPR n\u00f5uded alati t\u00e4idetud!<\/p>\n","protected":false},"excerpt":{"rendered":"<p>Kliendikiosk on kiire ja mugav lahendus, mille abil saab uue kliendi p\u00fcsikliendiks registreerida v\u00f5i olemasoleva kliendi andmeid kontrollida ja v\u00e4rskendada. Kliendi kioskis on kliendil v\u00f5imalik ennast registreerida nii ID-kaardi abil kui ka nimeliselt. Nimelise kliendikaardi puhul, v\u00e4ljastab kliendikioski kliendile virtuaalse QR koodil p\u00f5hineva kliendikaardi. Virtuaalse kliendikaardi koos QR-koodiga v\u00f5ib salvestada telefoni v\u00f5i soovi korral v\u00e4lja&hellip;<\/p>\n","protected":false},"featured_media":456,"template":"","meta":[],"product_cat":[44],"product_tag":[],"class_list":{"0":"post-455","1":"product","2":"type-product","3":"status-publish","4":"has-post-thumbnail","6":"product_cat-kliendikiosk","8":"first","9":"onbackorder","10":"product-type-simple","11":"col-xs-6 col-sm-4","12":"col-md-3 col-lg-3","13":"un-4-cols"},"_links":{"self":[{"href":"https:\/\/epood.ids.ee\/index.php?rest_route=\/wp\/v2\/product\/455","targetHints":{"allow":["GET"]}}],"collection":[{"href":"https:\/\/epood.ids.ee\/index.php?rest_route=\/wp\/v2\/product"}],"about":[{"href":"https:\/\/epood.ids.ee\/index.php?rest_route=\/wp\/v2\/types\/product"}],"version-history":[{"count":2,"href":"https:\/\/epood.ids.ee\/index.php?rest_route=\/wp\/v2\/product\/455\/revisions"}],"predecessor-version":[{"id":735,"href":"https:\/\/epood.ids.ee\/index.php?rest_route=\/wp\/v2\/product\/455\/revisions\/735"}],"wp:featuredmedia":[{"embeddable":true,"href":"https:\/\/epood.ids.ee\/index.php?rest_route=\/wp\/v2\/media\/456"}],"wp:attachment":[{"href":"https:\/\/epood.ids.ee\/index.php?rest_route=%2Fwp%2Fv2%2Fmedia&parent=455"}],"wp:term":[{"taxonomy":"product_cat","embeddable":true,"href":"https:\/\/epood.ids.ee\/index.php?rest_route=%2Fwp%2Fv2%2Fproduct_cat&post=455"},{"taxonomy":"product_tag","embeddable":true,"href":"https:\/\/epood.ids.ee\/index.php?rest_route=%2Fwp%2Fv2%2Fproduct_tag&post=455"}],"curies":[{"name":"wp","href":"https:\/\/api.w.org\/{rel}","templated":true}]}}