{"id":48,"date":"2021-04-23T11:49:09","date_gmt":"2021-04-23T11:49:09","guid":{"rendered":"https:\/\/epood.ids80.ee\/?post_type=product&#038;p=48"},"modified":"2021-12-23T10:31:04","modified_gmt":"2021-12-23T07:31:04","slug":"koik-uhes-chd6800-kompaktkassa","status":"publish","type":"product","link":"https:\/\/epood.ids.ee\/?product=koik-uhes-chd6800-kompaktkassa","title":{"rendered":"K\u00f5ik \u00fches CHD6800 kompaktkassa"},"content":{"rendered":"<div class=\"ProductItem-details-excerpt\" data-content-field=\"excerpt\">\n<ul>\n<li>Kassaarvuti<br \/>\n<em>8GB RAM, 64GB SSD, W10 Ent.<\/em>10.1&#8243; puutetundlik monitor<\/li>\n<li>T\u0161ekiprinter<\/li>\n<li>LCD Kliendiekraan<\/li>\n<li>4G v\u00f5imekus <em>(v\u00f5imalik lisada)<\/em><\/li>\n<li>Aku v\u00f5imalus <em>(v\u00f5imalik lisada)<\/em><\/li>\n<li>V\u00f5imalus kinnitada jalale <em>(v\u00f5imalus lisada)<\/em><\/li>\n<\/ul>\n<\/div>\n","protected":false},"excerpt":{"rendered":"<p>Kassaarvuti 8GB RAM, 64GB SSD, W10 Ent.10.1&#8243; puutetundlik monitor T\u0161ekiprinter LCD Kliendiekraan 4G v\u00f5imekus (v\u00f5imalik lisada) Aku v\u00f5imalus (v\u00f5imalik lisada) V\u00f5imalus kinnitada jalale (v\u00f5imalus lisada)<\/p>\n","protected":false},"featured_media":219,"template":"","meta":[],"product_cat":[23],"product_tag":[],"class_list":{"0":"post-48","1":"product","2":"type-product","3":"status-publish","4":"has-post-thumbnail","6":"product_cat-kompaktkassad","8":"first","9":"onbackorder","10":"taxable","11":"shipping-taxable","12":"product-type-simple","13":"col-xs-6 col-sm-4","14":"col-md-3 col-lg-3","15":"un-4-cols"},"_links":{"self":[{"href":"https:\/\/epood.ids.ee\/index.php?rest_route=\/wp\/v2\/product\/48","targetHints":{"allow":["GET"]}}],"collection":[{"href":"https:\/\/epood.ids.ee\/index.php?rest_route=\/wp\/v2\/product"}],"about":[{"href":"https:\/\/epood.ids.ee\/index.php?rest_route=\/wp\/v2\/types\/product"}],"version-history":[{"count":3,"href":"https:\/\/epood.ids.ee\/index.php?rest_route=\/wp\/v2\/product\/48\/revisions"}],"predecessor-version":[{"id":812,"href":"https:\/\/epood.ids.ee\/index.php?rest_route=\/wp\/v2\/product\/48\/revisions\/812"}],"wp:featuredmedia":[{"embeddable":true,"href":"https:\/\/epood.ids.ee\/index.php?rest_route=\/wp\/v2\/media\/219"}],"wp:attachment":[{"href":"https:\/\/epood.ids.ee\/index.php?rest_route=%2Fwp%2Fv2%2Fmedia&parent=48"}],"wp:term":[{"taxonomy":"product_cat","embeddable":true,"href":"https:\/\/epood.ids.ee\/index.php?rest_route=%2Fwp%2Fv2%2Fproduct_cat&post=48"},{"taxonomy":"product_tag","embeddable":true,"href":"https:\/\/epood.ids.ee\/index.php?rest_route=%2Fwp%2Fv2%2Fproduct_tag&post=48"}],"curies":[{"name":"wp","href":"https:\/\/api.w.org\/{rel}","templated":true}]}}