{"id":532,"date":"2021-05-17T09:43:14","date_gmt":"2021-05-17T06:43:14","guid":{"rendered":"https:\/\/epood.ids80.ee\/?post_type=product&#038;p=532"},"modified":"2021-07-12T16:10:57","modified_gmt":"2021-07-12T13:10:57","slug":"opticon-elektroonilised-hinnasildid","status":"publish","type":"product","link":"https:\/\/epood.ids.ee\/?product=opticon-elektroonilised-hinnasildid","title":{"rendered":"Opticon elektroonilised hinnasildid"},"content":{"rendered":"<p id=\"yui_3_17_2_1_1621233278888_573\" class=\"\">Opticoni elektroonilised hinnasildid tagavad alati \u00f5iged hinnad nii hinnasildil kui kassas, aidates kokku hoida aja-, paberi- ja t\u00f6\u00f6j\u00f5ukulu.<\/p>\n<p class=\"\">Silte saab kujundada vastavalt kliendi soovidele ning kuvada on v\u00f5imalik nii tava-, kui ka soodushinda.<br \/>\nSilte on lihtne paigaldada, kerge hallata ning siltidel on optimeeritud t\u00f6\u00f6iga.<\/p>\n<p class=\"\">Elektroonilised hinnasildid sobivad kasutamiseks toidukauplustes, r\u00f5ivakauplustes, elektroonikakauplustes, apteekides, kosmeetikakauplustes jm.<\/p>\n<p>Saadaval suurused:<\/p>\n<ul>\n<li>1,5&#8243;<\/li>\n<li>2,1&#8243;<\/li>\n<li>2,9&#8243;<\/li>\n<li>4,2&#8243;<\/li>\n<li>7,5&#8243;<\/li>\n<\/ul>\n","protected":false},"excerpt":{"rendered":"<p>Opticoni elektroonilised hinnasildid tagavad alati \u00f5iged hinnad nii hinnasildil kui kassas, aidates kokku hoida aja-, paberi- ja t\u00f6\u00f6j\u00f5ukulu. Silte saab kujundada vastavalt kliendi soovidele ning kuvada on v\u00f5imalik nii tava-, kui ka soodushinda. Silte on lihtne paigaldada, kerge hallata ning siltidel on optimeeritud t\u00f6\u00f6iga. Elektroonilised hinnasildid sobivad kasutamiseks toidukauplustes, r\u00f5ivakauplustes, elektroonikakauplustes, apteekides, kosmeetikakauplustes jm. Saadaval&hellip;<\/p>\n","protected":false},"featured_media":538,"template":"","meta":[],"product_cat":[55],"product_tag":[],"class_list":{"0":"post-532","1":"product","2":"type-product","3":"status-publish","4":"has-post-thumbnail","6":"product_cat-elektroonilised-hinnasildid","8":"first","9":"onbackorder","10":"taxable","11":"shipping-taxable","12":"product-type-simple","13":"col-xs-6 col-sm-4","14":"col-md-3 col-lg-3","15":"un-4-cols"},"_links":{"self":[{"href":"https:\/\/epood.ids.ee\/index.php?rest_route=\/wp\/v2\/product\/532","targetHints":{"allow":["GET"]}}],"collection":[{"href":"https:\/\/epood.ids.ee\/index.php?rest_route=\/wp\/v2\/product"}],"about":[{"href":"https:\/\/epood.ids.ee\/index.php?rest_route=\/wp\/v2\/types\/product"}],"version-history":[{"count":2,"href":"https:\/\/epood.ids.ee\/index.php?rest_route=\/wp\/v2\/product\/532\/revisions"}],"predecessor-version":[{"id":763,"href":"https:\/\/epood.ids.ee\/index.php?rest_route=\/wp\/v2\/product\/532\/revisions\/763"}],"wp:featuredmedia":[{"embeddable":true,"href":"https:\/\/epood.ids.ee\/index.php?rest_route=\/wp\/v2\/media\/538"}],"wp:attachment":[{"href":"https:\/\/epood.ids.ee\/index.php?rest_route=%2Fwp%2Fv2%2Fmedia&parent=532"}],"wp:term":[{"taxonomy":"product_cat","embeddable":true,"href":"https:\/\/epood.ids.ee\/index.php?rest_route=%2Fwp%2Fv2%2Fproduct_cat&post=532"},{"taxonomy":"product_tag","embeddable":true,"href":"https:\/\/epood.ids.ee\/index.php?rest_route=%2Fwp%2Fv2%2Fproduct_tag&post=532"}],"curies":[{"name":"wp","href":"https:\/\/api.w.org\/{rel}","templated":true}]}}