{"id":535,"date":"2021-05-17T09:59:07","date_gmt":"2021-05-17T06:59:07","guid":{"rendered":"https:\/\/epood.ids80.ee\/?post_type=product&#038;p=535"},"modified":"2021-12-22T19:03:43","modified_gmt":"2021-12-22T16:03:43","slug":"ebs-toojaam","status":"publish","type":"product","link":"https:\/\/epood.ids.ee\/?product=ebs-toojaam","title":{"rendered":"EBS t\u00f6\u00f6jaam"},"content":{"rendered":"<p>Opticon elektrooniliste siltide t\u00f6\u00f6jaam ja adapter<\/p>\n","protected":false},"excerpt":{"rendered":"<p>Opticon elektrooniliste siltide t\u00f6\u00f6jaam ja adapter<\/p>\n","protected":false},"featured_media":541,"template":"","meta":[],"product_cat":[55],"product_tag":[],"class_list":{"0":"post-535","1":"product","2":"type-product","3":"status-publish","4":"has-post-thumbnail","6":"product_cat-elektroonilised-hinnasildid","8":"first","9":"onbackorder","10":"taxable","11":"shipping-taxable","12":"product-type-simple","13":"col-xs-6 col-sm-4","14":"col-md-3 col-lg-3","15":"un-4-cols"},"_links":{"self":[{"href":"https:\/\/epood.ids.ee\/index.php?rest_route=\/wp\/v2\/product\/535","targetHints":{"allow":["GET"]}}],"collection":[{"href":"https:\/\/epood.ids.ee\/index.php?rest_route=\/wp\/v2\/product"}],"about":[{"href":"https:\/\/epood.ids.ee\/index.php?rest_route=\/wp\/v2\/types\/product"}],"version-history":[{"count":1,"href":"https:\/\/epood.ids.ee\/index.php?rest_route=\/wp\/v2\/product\/535\/revisions"}],"predecessor-version":[{"id":762,"href":"https:\/\/epood.ids.ee\/index.php?rest_route=\/wp\/v2\/product\/535\/revisions\/762"}],"wp:featuredmedia":[{"embeddable":true,"href":"https:\/\/epood.ids.ee\/index.php?rest_route=\/wp\/v2\/media\/541"}],"wp:attachment":[{"href":"https:\/\/epood.ids.ee\/index.php?rest_route=%2Fwp%2Fv2%2Fmedia&parent=535"}],"wp:term":[{"taxonomy":"product_cat","embeddable":true,"href":"https:\/\/epood.ids.ee\/index.php?rest_route=%2Fwp%2Fv2%2Fproduct_cat&post=535"},{"taxonomy":"product_tag","embeddable":true,"href":"https:\/\/epood.ids.ee\/index.php?rest_route=%2Fwp%2Fv2%2Fproduct_tag&post=535"}],"curies":[{"name":"wp","href":"https:\/\/api.w.org\/{rel}","templated":true}]}}