{"id":542,"date":"2021-05-17T15:54:02","date_gmt":"2021-05-17T12:54:02","guid":{"rendered":"https:\/\/epood.ids80.ee\/?post_type=product&#038;p=542"},"modified":"2021-07-12T16:10:57","modified_gmt":"2021-07-12T13:10:57","slug":"moveflow-classic","status":"publish","type":"product","link":"https:\/\/epood.ids.ee\/?product=moveflow-classic","title":{"rendered":"MoveFLOW Classic"},"content":{"rendered":"<p>MoveFLOW Classic on ITAB-i v\u00e4ikseim iseteeninduskassa, mis sobib idaalselt piiratud ruumiga keskkonda, kus keskmine ost koosneb vaid m\u00f5nest kaubast ning sobib p\u00f5him\u00f5ttelele, kassast kotti &#8211; v\u00e4ikepoed, kioskid v\u00f5i kohvikud.<br \/>\nMoveFLOW Classic on saadaval kolmes suuruses:<\/p>\n<p><strong>Classic X1 &#8211; v\u00e4ikese pakkimisalaga<\/strong><\/p>\n<p>K\u00f5rgus: 1365 mm<br \/>\nLaius: 1347 mm<br \/>\nS\u00fcgavus: 625 mm<\/p>\n<p><strong>Classic X2 &#8211; suurema pakkimisalaga<\/strong><\/p>\n<p>K\u00f5rgus: 1365 mm<br \/>\nLaius: 1775 mm<br \/>\nS\u00fcgavus: 625 mm<\/p>\n<p><strong>Classic Mini &#8211; ITAB-i kompaktseim iseteeninduskassa<\/strong><\/p>\n<p>K\u00f5rgus: 1365 mm<br \/>\nLaius: 795 mm<br \/>\nS\u00fcgavus: 625 mm<\/p>\n<p>K\u00f5iki ITAB MoveFLOW iseteeninduskassasid on v\u00f5imalik tellida kliendi poolt soovitud toonides.<\/p>\n","protected":false},"excerpt":{"rendered":"<p>MoveFLOW Classic on ITAB-i v\u00e4ikseim iseteeninduskassa, mis sobib idaalselt piiratud ruumiga keskkonda, kus keskmine ost koosneb vaid m\u00f5nest kaubast ning sobib p\u00f5him\u00f5ttelele, kassast kotti &#8211; v\u00e4ikepoed, kioskid v\u00f5i kohvikud. MoveFLOW Classic on saadaval kolmes suuruses: Classic X1 &#8211; v\u00e4ikese pakkimisalaga K\u00f5rgus: 1365 mm Laius: 1347 mm S\u00fcgavus: 625 mm Classic X2 &#8211; suurema pakkimisalaga K\u00f5rgus:&hellip;<\/p>\n","protected":false},"featured_media":544,"template":"","meta":[],"product_cat":[39],"product_tag":[],"class_list":{"0":"post-542","1":"product","2":"type-product","3":"status-publish","4":"has-post-thumbnail","6":"product_cat-iseteenindus-kassariistvara","8":"first","9":"onbackorder","10":"taxable","11":"shipping-taxable","12":"product-type-simple","13":"col-xs-6 col-sm-4","14":"col-md-3 col-lg-3","15":"un-4-cols"},"_links":{"self":[{"href":"https:\/\/epood.ids.ee\/index.php?rest_route=\/wp\/v2\/product\/542","targetHints":{"allow":["GET"]}}],"collection":[{"href":"https:\/\/epood.ids.ee\/index.php?rest_route=\/wp\/v2\/product"}],"about":[{"href":"https:\/\/epood.ids.ee\/index.php?rest_route=\/wp\/v2\/types\/product"}],"version-history":[{"count":2,"href":"https:\/\/epood.ids.ee\/index.php?rest_route=\/wp\/v2\/product\/542\/revisions"}],"predecessor-version":[{"id":761,"href":"https:\/\/epood.ids.ee\/index.php?rest_route=\/wp\/v2\/product\/542\/revisions\/761"}],"wp:featuredmedia":[{"embeddable":true,"href":"https:\/\/epood.ids.ee\/index.php?rest_route=\/wp\/v2\/media\/544"}],"wp:attachment":[{"href":"https:\/\/epood.ids.ee\/index.php?rest_route=%2Fwp%2Fv2%2Fmedia&parent=542"}],"wp:term":[{"taxonomy":"product_cat","embeddable":true,"href":"https:\/\/epood.ids.ee\/index.php?rest_route=%2Fwp%2Fv2%2Fproduct_cat&post=542"},{"taxonomy":"product_tag","embeddable":true,"href":"https:\/\/epood.ids.ee\/index.php?rest_route=%2Fwp%2Fv2%2Fproduct_tag&post=542"}],"curies":[{"name":"wp","href":"https:\/\/api.w.org\/{rel}","templated":true}]}}