{"id":547,"date":"2021-05-17T16:07:48","date_gmt":"2021-05-17T13:07:48","guid":{"rendered":"https:\/\/epood.ids80.ee\/?post_type=product&#038;p=547"},"modified":"2021-07-12T16:10:56","modified_gmt":"2021-07-12T13:10:56","slug":"alfred-ad-215","status":"publish","type":"product","link":"https:\/\/epood.ids.ee\/?product=alfred-ad-215","title":{"rendered":"Alfred AD-215"},"content":{"rendered":"<p>Alfred AD-215 on Partnerte Tech-i kompaktne iseteeninduskassa, mis sobib idaalselt piiratud ruumiga keskkonda. Alfred AD-215 seeria iseteeninduskassat on v\u00f5imalik paigaldada vertikaalselt v\u00f5i korsionaalselt. Valikus on nii lauale sobituv, l\u00fchema jalaga mudel, kui ka otse p\u00f5randale asetatav, pikema jalaga, mudel.<\/p>\n<ul>\n<li>21,5-tolline Full HD eraldusv\u00f5imega Anti Glare LCD-ekraan<\/li>\n<li>10-punktiline PCAP-touch<\/li>\n<li>Intel\u00ae Celeron\u00aeJ3455 v\u00f5i Intel\u00ae Core \u2122 i3-6100U<\/li>\n<li>Ventilaatorita disain<\/li>\n<li>Integreeritud v\u00e4lisseadmed, sealhulgas v\u00f6\u00f6tkoodilugeja ja kviitungprinter<\/li>\n<li>Vertikaalne v\u00f5i horisontaalne re\u017eiim<\/li>\n<\/ul>\n<p><strong>Valikuline<\/strong><\/p>\n<ul>\n<li>Lauakinnitus v\u00f5i p\u00f5randa kinnitus<\/li>\n<li>Termoprinter<\/li>\n<li>Makseterminali alus<\/li>\n<li>RFID -lugeja<\/li>\n<li>Rattad, p\u00f5randa kinnitusele<\/li>\n<\/ul>\n","protected":false},"excerpt":{"rendered":"<p>Alfred AD-215 on Partnerte Tech-i kompaktne iseteeninduskassa, mis sobib idaalselt piiratud ruumiga keskkonda. Alfred AD-215 seeria iseteeninduskassat on v\u00f5imalik paigaldada vertikaalselt v\u00f5i korsionaalselt. Valikus on nii lauale sobituv, l\u00fchema jalaga mudel, kui ka otse p\u00f5randale asetatav, pikema jalaga, mudel. 21,5-tolline Full HD eraldusv\u00f5imega Anti Glare LCD-ekraan 10-punktiline PCAP-touch Intel\u00ae Celeron\u00aeJ3455 v\u00f5i Intel\u00ae Core \u2122 i3-6100U&hellip;<\/p>\n","protected":false},"featured_media":548,"template":"","meta":[],"product_cat":[39],"product_tag":[],"class_list":{"0":"post-547","1":"product","2":"type-product","3":"status-publish","4":"has-post-thumbnail","6":"product_cat-iseteenindus-kassariistvara","8":"first","9":"onbackorder","10":"taxable","11":"shipping-taxable","12":"product-type-simple","13":"col-xs-6 col-sm-4","14":"col-md-3 col-lg-3","15":"un-4-cols"},"_links":{"self":[{"href":"https:\/\/epood.ids.ee\/index.php?rest_route=\/wp\/v2\/product\/547","targetHints":{"allow":["GET"]}}],"collection":[{"href":"https:\/\/epood.ids.ee\/index.php?rest_route=\/wp\/v2\/product"}],"about":[{"href":"https:\/\/epood.ids.ee\/index.php?rest_route=\/wp\/v2\/types\/product"}],"version-history":[{"count":1,"href":"https:\/\/epood.ids.ee\/index.php?rest_route=\/wp\/v2\/product\/547\/revisions"}],"predecessor-version":[{"id":760,"href":"https:\/\/epood.ids.ee\/index.php?rest_route=\/wp\/v2\/product\/547\/revisions\/760"}],"wp:featuredmedia":[{"embeddable":true,"href":"https:\/\/epood.ids.ee\/index.php?rest_route=\/wp\/v2\/media\/548"}],"wp:attachment":[{"href":"https:\/\/epood.ids.ee\/index.php?rest_route=%2Fwp%2Fv2%2Fmedia&parent=547"}],"wp:term":[{"taxonomy":"product_cat","embeddable":true,"href":"https:\/\/epood.ids.ee\/index.php?rest_route=%2Fwp%2Fv2%2Fproduct_cat&post=547"},{"taxonomy":"product_tag","embeddable":true,"href":"https:\/\/epood.ids.ee\/index.php?rest_route=%2Fwp%2Fv2%2Fproduct_tag&post=547"}],"curies":[{"name":"wp","href":"https:\/\/api.w.org\/{rel}","templated":true}]}}