{"id":577,"date":"2021-05-19T15:13:04","date_gmt":"2021-05-19T12:13:04","guid":{"rendered":"https:\/\/epood.ids80.ee\/?post_type=product&#038;p=577"},"modified":"2021-12-22T19:00:36","modified_gmt":"2021-12-22T16:00:36","slug":"zebra-mc2200","status":"publish","type":"product","link":"https:\/\/epood.ids.ee\/?product=zebra-mc2200","title":{"rendered":"Zebra MC2200"},"content":{"rendered":"<ul>\n<li>4-tolline (800&#215;480) WVGA puutetundlik ekraan<\/li>\n<li>LED taustavalgus<\/li>\n<li>Corning\u00ae Gorilla\u00ae Glass<\/li>\n<li>Vee- ja tolmukindel &#8211; kannatab vihma, p\u00e4ikest ja kuumust<\/li>\n<li>WiFi toega<\/li>\n<li>Android 10 operatsiooni s\u00fcsteem<\/li>\n<li>3500 mAh\/12.60 Wh aku<\/li>\n<li>M\u00e4lukaardipesa (kuni 128 GD)<\/li>\n<li>F\u00fc\u00fcsline klaviatuur<\/li>\n<li>WLAN, WPAN, USB 2.0<\/li>\n<li>T\u00f6\u00f6temperatuur -20\u00b0C to 50\u00b0C<\/li>\n<\/ul>\n<p>&nbsp;<\/p>\n","protected":false},"excerpt":{"rendered":"<p>4-tolline (800&#215;480) WVGA puutetundlik ekraan LED taustavalgus Corning\u00ae Gorilla\u00ae Glass Vee- ja tolmukindel &#8211; kannatab vihma, p\u00e4ikest ja kuumust WiFi toega Android 10 operatsiooni s\u00fcsteem 3500 mAh\/12.60 Wh aku M\u00e4lukaardipesa (kuni 128 GD) F\u00fc\u00fcsline klaviatuur WLAN, WPAN, USB 2.0 T\u00f6\u00f6temperatuur -20\u00b0C to 50\u00b0C &nbsp;<\/p>\n","protected":false},"featured_media":578,"template":"","meta":[],"product_cat":[56],"product_tag":[],"class_list":{"0":"post-577","1":"product","2":"type-product","3":"status-publish","4":"has-post-thumbnail","6":"product_cat-kasiterminal","8":"first","9":"onbackorder","10":"taxable","11":"shipping-taxable","12":"product-type-simple","13":"col-xs-6 col-sm-4","14":"col-md-3 col-lg-3","15":"un-4-cols"},"_links":{"self":[{"href":"https:\/\/epood.ids.ee\/index.php?rest_route=\/wp\/v2\/product\/577","targetHints":{"allow":["GET"]}}],"collection":[{"href":"https:\/\/epood.ids.ee\/index.php?rest_route=\/wp\/v2\/product"}],"about":[{"href":"https:\/\/epood.ids.ee\/index.php?rest_route=\/wp\/v2\/types\/product"}],"version-history":[{"count":1,"href":"https:\/\/epood.ids.ee\/index.php?rest_route=\/wp\/v2\/product\/577\/revisions"}],"predecessor-version":[{"id":677,"href":"https:\/\/epood.ids.ee\/index.php?rest_route=\/wp\/v2\/product\/577\/revisions\/677"}],"wp:featuredmedia":[{"embeddable":true,"href":"https:\/\/epood.ids.ee\/index.php?rest_route=\/wp\/v2\/media\/578"}],"wp:attachment":[{"href":"https:\/\/epood.ids.ee\/index.php?rest_route=%2Fwp%2Fv2%2Fmedia&parent=577"}],"wp:term":[{"taxonomy":"product_cat","embeddable":true,"href":"https:\/\/epood.ids.ee\/index.php?rest_route=%2Fwp%2Fv2%2Fproduct_cat&post=577"},{"taxonomy":"product_tag","embeddable":true,"href":"https:\/\/epood.ids.ee\/index.php?rest_route=%2Fwp%2Fv2%2Fproduct_tag&post=577"}],"curies":[{"name":"wp","href":"https:\/\/api.w.org\/{rel}","templated":true}]}}