{"id":584,"date":"2021-05-19T15:56:03","date_gmt":"2021-05-19T12:56:03","guid":{"rendered":"https:\/\/epood.ids80.ee\/?post_type=product&#038;p=584"},"modified":"2021-12-23T10:13:55","modified_gmt":"2021-12-23T07:13:55","slug":"tsekiprinter-citizen-ct-601-ii","status":"publish","type":"product","link":"https:\/\/epood.ids.ee\/?product=tsekiprinter-citizen-ct-601-ii","title":{"rendered":"T\u0161ekiprinter Citizen CT-601-II"},"content":{"rendered":"<ul>\n<li>V\u00e4rvus must v\u00f5i valge<\/li>\n<li>Termotr\u00fckk<\/li>\n<li>Tr\u00fckkimis kiirus kuni 200mm sekundis<\/li>\n<li>Termopaberi laius 58 &#8211; 82,5 mm<\/li>\n<li>L\u00f5ikur &#8211; osaline v\u00f5i t\u00e4ielik l\u00f5ikamine<\/li>\n<li>USB + ETH + COM + LPT<\/li>\n<li>Resolutsioon 203dpi<\/li>\n<\/ul>\n","protected":false},"excerpt":{"rendered":"<p>V\u00e4rvus must v\u00f5i valge Termotr\u00fckk Tr\u00fckkimis kiirus kuni 200mm sekundis Termopaberi laius 58 &#8211; 82,5 mm L\u00f5ikur &#8211; osaline v\u00f5i t\u00e4ielik l\u00f5ikamine USB + ETH + COM + LPT Resolutsioon 203dpi<\/p>\n","protected":false},"featured_media":588,"template":"","meta":[],"product_cat":[18],"product_tag":[],"class_list":{"0":"post-584","1":"product","2":"type-product","3":"status-publish","4":"has-post-thumbnail","6":"product_cat-tsekiprinterid","8":"first","9":"onbackorder","10":"taxable","11":"shipping-taxable","12":"product-type-simple","13":"col-xs-6 col-sm-4","14":"col-md-3 col-lg-3","15":"un-4-cols"},"_links":{"self":[{"href":"https:\/\/epood.ids.ee\/index.php?rest_route=\/wp\/v2\/product\/584","targetHints":{"allow":["GET"]}}],"collection":[{"href":"https:\/\/epood.ids.ee\/index.php?rest_route=\/wp\/v2\/product"}],"about":[{"href":"https:\/\/epood.ids.ee\/index.php?rest_route=\/wp\/v2\/types\/product"}],"version-history":[{"count":2,"href":"https:\/\/epood.ids.ee\/index.php?rest_route=\/wp\/v2\/product\/584\/revisions"}],"predecessor-version":[{"id":796,"href":"https:\/\/epood.ids.ee\/index.php?rest_route=\/wp\/v2\/product\/584\/revisions\/796"}],"wp:featuredmedia":[{"embeddable":true,"href":"https:\/\/epood.ids.ee\/index.php?rest_route=\/wp\/v2\/media\/588"}],"wp:attachment":[{"href":"https:\/\/epood.ids.ee\/index.php?rest_route=%2Fwp%2Fv2%2Fmedia&parent=584"}],"wp:term":[{"taxonomy":"product_cat","embeddable":true,"href":"https:\/\/epood.ids.ee\/index.php?rest_route=%2Fwp%2Fv2%2Fproduct_cat&post=584"},{"taxonomy":"product_tag","embeddable":true,"href":"https:\/\/epood.ids.ee\/index.php?rest_route=%2Fwp%2Fv2%2Fproduct_tag&post=584"}],"curies":[{"name":"wp","href":"https:\/\/api.w.org\/{rel}","templated":true}]}}