{"id":586,"date":"2021-05-19T16:03:56","date_gmt":"2021-05-19T13:03:56","guid":{"rendered":"https:\/\/epood.ids80.ee\/?post_type=product&#038;p=586"},"modified":"2021-12-23T10:13:36","modified_gmt":"2021-12-23T07:13:36","slug":"tsekiprinter-citizen-ct-601-ii-copy","status":"publish","type":"product","link":"https:\/\/epood.ids.ee\/?product=tsekiprinter-citizen-ct-601-ii-copy","title":{"rendered":"T\u0161ekiprinter Citizen CT-E351"},"content":{"rendered":"<ul>\n<li>Kompaktne<\/li>\n<li>V\u00e4rvus must v\u00f5i valge<\/li>\n<li>Termotr\u00fckk<\/li>\n<li>Tr\u00fckkimis kiirus kuni 250mm sekundis<\/li>\n<li>Termopaberi laius 58 &#8211; 80 mm<\/li>\n<li>L\u00f5ikur &#8211; osaline v\u00f5i t\u00e4ielik l\u00f5ikamine<\/li>\n<li>USB + LAN v\u00f5i USB + Serial<\/li>\n<li>Resolutsioon 203dpi<\/li>\n<\/ul>\n","protected":false},"excerpt":{"rendered":"<p>Kompaktne V\u00e4rvus must v\u00f5i valge Termotr\u00fckk Tr\u00fckkimis kiirus kuni 250mm sekundis Termopaberi laius 58 &#8211; 80 mm L\u00f5ikur &#8211; osaline v\u00f5i t\u00e4ielik l\u00f5ikamine USB + LAN v\u00f5i USB + Serial Resolutsioon 203dpi<\/p>\n","protected":false},"featured_media":587,"template":"","meta":[],"product_cat":[18],"product_tag":[],"class_list":{"0":"post-586","1":"product","2":"type-product","3":"status-publish","4":"has-post-thumbnail","6":"product_cat-tsekiprinterid","8":"first","9":"onbackorder","10":"taxable","11":"shipping-taxable","12":"product-type-simple","13":"col-xs-6 col-sm-4","14":"col-md-3 col-lg-3","15":"un-4-cols"},"_links":{"self":[{"href":"https:\/\/epood.ids.ee\/index.php?rest_route=\/wp\/v2\/product\/586","targetHints":{"allow":["GET"]}}],"collection":[{"href":"https:\/\/epood.ids.ee\/index.php?rest_route=\/wp\/v2\/product"}],"about":[{"href":"https:\/\/epood.ids.ee\/index.php?rest_route=\/wp\/v2\/types\/product"}],"version-history":[{"count":2,"href":"https:\/\/epood.ids.ee\/index.php?rest_route=\/wp\/v2\/product\/586\/revisions"}],"predecessor-version":[{"id":795,"href":"https:\/\/epood.ids.ee\/index.php?rest_route=\/wp\/v2\/product\/586\/revisions\/795"}],"wp:featuredmedia":[{"embeddable":true,"href":"https:\/\/epood.ids.ee\/index.php?rest_route=\/wp\/v2\/media\/587"}],"wp:attachment":[{"href":"https:\/\/epood.ids.ee\/index.php?rest_route=%2Fwp%2Fv2%2Fmedia&parent=586"}],"wp:term":[{"taxonomy":"product_cat","embeddable":true,"href":"https:\/\/epood.ids.ee\/index.php?rest_route=%2Fwp%2Fv2%2Fproduct_cat&post=586"},{"taxonomy":"product_tag","embeddable":true,"href":"https:\/\/epood.ids.ee\/index.php?rest_route=%2Fwp%2Fv2%2Fproduct_tag&post=586"}],"curies":[{"name":"wp","href":"https:\/\/api.w.org\/{rel}","templated":true}]}}