{"id":633,"date":"2021-05-25T14:05:40","date_gmt":"2021-05-25T11:05:40","guid":{"rendered":"https:\/\/epood.ids80.ee\/?post_type=product&#038;p=633"},"modified":"2021-12-22T18:54:16","modified_gmt":"2021-12-22T15:54:16","slug":"dibal-500-iseteeninduskaal","status":"publish","type":"product","link":"https:\/\/epood.ids.ee\/?product=dibal-500-iseteeninduskaal","title":{"rendered":"Dibal 500 Etiketikaal"},"content":{"rendered":"<p>Dibal 500 seeria etiketikaalud on kergesti kasutatavad ning neid saab \u00fchendada teiste kaaludega v\u00f5i programmidega andmete ja uuenduste saatmiseks ja vastuv\u00f5tmiseks.<\/p>\n<ul>\n<li>Monokroomne 3 realine ekraan<\/li>\n<li>54 mm termoprinter<\/li>\n<li>Kuni 100 otseklahv<\/li>\n<li>Etiketiga printer<\/li>\n<li>Tootekoodi otsing koodi v\u00f5i nime j\u00e4rgi<\/li>\n<li>Multirange (3000 jaotust): 6 kg\/2 g \u2013 15 kg\/5 g<\/li>\n<li>Kaalu plaadi m\u00f5\u00f5dud: Pikkus 360 x\u00a0 Laius 260 mm<\/li>\n<\/ul>\n","protected":false},"excerpt":{"rendered":"<p>Dibal 500 seeria etiketikaalud on kergesti kasutatavad ning neid saab \u00fchendada teiste kaaludega v\u00f5i programmidega andmete ja uuenduste saatmiseks ja vastuv\u00f5tmiseks. Monokroomne 3 realine ekraan 54 mm termoprinter Kuni 100 otseklahv Etiketiga printer Tootekoodi otsing koodi v\u00f5i nime j\u00e4rgi Multirange (3000 jaotust): 6 kg\/2 g \u2013 15 kg\/5 g Kaalu plaadi m\u00f5\u00f5dud: Pikkus 360 x\u00a0&hellip;<\/p>\n","protected":false},"featured_media":634,"template":"","meta":[],"product_cat":[57],"product_tag":[],"class_list":{"0":"post-633","1":"product","2":"type-product","3":"status-publish","4":"has-post-thumbnail","6":"product_cat-kaalud","8":"first","9":"onbackorder","10":"taxable","11":"shipping-taxable","12":"product-type-simple","13":"col-xs-6 col-sm-4","14":"col-md-3 col-lg-3","15":"un-4-cols"},"_links":{"self":[{"href":"https:\/\/epood.ids.ee\/index.php?rest_route=\/wp\/v2\/product\/633","targetHints":{"allow":["GET"]}}],"collection":[{"href":"https:\/\/epood.ids.ee\/index.php?rest_route=\/wp\/v2\/product"}],"about":[{"href":"https:\/\/epood.ids.ee\/index.php?rest_route=\/wp\/v2\/types\/product"}],"version-history":[{"count":1,"href":"https:\/\/epood.ids.ee\/index.php?rest_route=\/wp\/v2\/product\/633\/revisions"}],"predecessor-version":[{"id":752,"href":"https:\/\/epood.ids.ee\/index.php?rest_route=\/wp\/v2\/product\/633\/revisions\/752"}],"wp:featuredmedia":[{"embeddable":true,"href":"https:\/\/epood.ids.ee\/index.php?rest_route=\/wp\/v2\/media\/634"}],"wp:attachment":[{"href":"https:\/\/epood.ids.ee\/index.php?rest_route=%2Fwp%2Fv2%2Fmedia&parent=633"}],"wp:term":[{"taxonomy":"product_cat","embeddable":true,"href":"https:\/\/epood.ids.ee\/index.php?rest_route=%2Fwp%2Fv2%2Fproduct_cat&post=633"},{"taxonomy":"product_tag","embeddable":true,"href":"https:\/\/epood.ids.ee\/index.php?rest_route=%2Fwp%2Fv2%2Fproduct_tag&post=633"}],"curies":[{"name":"wp","href":"https:\/\/api.w.org\/{rel}","templated":true}]}}