{"id":695,"date":"2021-05-27T12:35:28","date_gmt":"2021-05-27T09:35:28","guid":{"rendered":"https:\/\/epood.ids80.ee\/?post_type=product&#038;p=695"},"modified":"2021-12-22T18:56:51","modified_gmt":"2021-12-22T15:56:51","slug":"honeywell-pc42t-plus-etiketiprinter","status":"publish","type":"product","link":"https:\/\/epood.ids.ee\/?product=honeywell-pc42t-plus-etiketiprinter","title":{"rendered":"Honeywell PC42T Plus etiketiprinter"},"content":{"rendered":"<ul>\n<li>Termosiirde tr\u00fckiv\u00f5imekusega<\/li>\n<li>Meedia laius 110mm (max)<\/li>\n<li>Printimis laius 104mm (max)<\/li>\n<li>Meedia rulli paksus 127mm<\/li>\n<li>Printimis kiirus 127 mm\/s (max)<\/li>\n<li>USB 2.0<\/li>\n<li>Ethernet<\/li>\n<li>M\u00e4lu RAM 64 MB, Flash 64 MB<\/li>\n<li>T\u00f6\u00f6temperatuur 5\u00b0C to 40\u00b0C<\/li>\n<\/ul>\n<p>&nbsp;<\/p>\n","protected":false},"excerpt":{"rendered":"<p>Termosiirde tr\u00fckiv\u00f5imekusega Meedia laius 110mm (max) Printimis laius 104mm (max) Meedia rulli paksus 127mm Printimis kiirus 127 mm\/s (max) USB 2.0 Ethernet M\u00e4lu RAM 64 MB, Flash 64 MB T\u00f6\u00f6temperatuur 5\u00b0C to 40\u00b0C &nbsp;<\/p>\n","protected":false},"featured_media":696,"template":"","meta":[],"product_cat":[46],"product_tag":[],"class_list":{"0":"post-695","1":"product","2":"type-product","3":"status-publish","4":"has-post-thumbnail","6":"product_cat-etiketiprinterid","8":"first","9":"onbackorder","10":"taxable","11":"shipping-taxable","12":"product-type-simple","13":"col-xs-6 col-sm-4","14":"col-md-3 col-lg-3","15":"un-4-cols"},"_links":{"self":[{"href":"https:\/\/epood.ids.ee\/index.php?rest_route=\/wp\/v2\/product\/695","targetHints":{"allow":["GET"]}}],"collection":[{"href":"https:\/\/epood.ids.ee\/index.php?rest_route=\/wp\/v2\/product"}],"about":[{"href":"https:\/\/epood.ids.ee\/index.php?rest_route=\/wp\/v2\/types\/product"}],"version-history":[{"count":1,"href":"https:\/\/epood.ids.ee\/index.php?rest_route=\/wp\/v2\/product\/695\/revisions"}],"predecessor-version":[{"id":698,"href":"https:\/\/epood.ids.ee\/index.php?rest_route=\/wp\/v2\/product\/695\/revisions\/698"}],"wp:featuredmedia":[{"embeddable":true,"href":"https:\/\/epood.ids.ee\/index.php?rest_route=\/wp\/v2\/media\/696"}],"wp:attachment":[{"href":"https:\/\/epood.ids.ee\/index.php?rest_route=%2Fwp%2Fv2%2Fmedia&parent=695"}],"wp:term":[{"taxonomy":"product_cat","embeddable":true,"href":"https:\/\/epood.ids.ee\/index.php?rest_route=%2Fwp%2Fv2%2Fproduct_cat&post=695"},{"taxonomy":"product_tag","embeddable":true,"href":"https:\/\/epood.ids.ee\/index.php?rest_route=%2Fwp%2Fv2%2Fproduct_tag&post=695"}],"curies":[{"name":"wp","href":"https:\/\/api.w.org\/{rel}","templated":true}]}}