{"id":70,"date":"2021-04-26T10:07:48","date_gmt":"2021-04-26T07:07:48","guid":{"rendered":"https:\/\/epood.ids80.ee\/?post_type=product&#038;p=70"},"modified":"2021-12-23T10:29:15","modified_gmt":"2021-12-23T07:29:15","slug":"tsekiprinter-citizen-ct-s310-ii","status":"publish","type":"product","link":"https:\/\/epood.ids.ee\/?product=tsekiprinter-citizen-ct-s310-ii","title":{"rendered":"T\u0161ekiprinter Citizen CT-S310-II"},"content":{"rendered":"<ul>\n<li>V\u00e4rvus must<\/li>\n<li>Termotr\u00fckk<\/li>\n<li>Termopaberi laius 58 &#8211; 80 mm<\/li>\n<li>L\u00f5ikur &#8211; osaline v\u00f5i t\u00e4ielik l\u00f5ikamine<\/li>\n<li>USB+COM<\/li>\n<li>Resolutsioon 203dpi<\/li>\n<\/ul>\n","protected":false},"excerpt":{"rendered":"<p>V\u00e4rvus must Termotr\u00fckk Termopaberi laius 58 &#8211; 80 mm L\u00f5ikur &#8211; osaline v\u00f5i t\u00e4ielik l\u00f5ikamine USB+COM Resolutsioon 203dpi<\/p>\n","protected":false},"featured_media":89,"template":"","meta":[],"product_cat":[18],"product_tag":[],"class_list":{"0":"post-70","1":"product","2":"type-product","3":"status-publish","4":"has-post-thumbnail","6":"product_cat-tsekiprinterid","8":"first","9":"onbackorder","10":"taxable","11":"shipping-taxable","12":"product-type-simple","13":"col-xs-6 col-sm-4","14":"col-md-3 col-lg-3","15":"un-4-cols"},"_links":{"self":[{"href":"https:\/\/epood.ids.ee\/index.php?rest_route=\/wp\/v2\/product\/70","targetHints":{"allow":["GET"]}}],"collection":[{"href":"https:\/\/epood.ids.ee\/index.php?rest_route=\/wp\/v2\/product"}],"about":[{"href":"https:\/\/epood.ids.ee\/index.php?rest_route=\/wp\/v2\/types\/product"}],"version-history":[{"count":2,"href":"https:\/\/epood.ids.ee\/index.php?rest_route=\/wp\/v2\/product\/70\/revisions"}],"predecessor-version":[{"id":809,"href":"https:\/\/epood.ids.ee\/index.php?rest_route=\/wp\/v2\/product\/70\/revisions\/809"}],"wp:featuredmedia":[{"embeddable":true,"href":"https:\/\/epood.ids.ee\/index.php?rest_route=\/wp\/v2\/media\/89"}],"wp:attachment":[{"href":"https:\/\/epood.ids.ee\/index.php?rest_route=%2Fwp%2Fv2%2Fmedia&parent=70"}],"wp:term":[{"taxonomy":"product_cat","embeddable":true,"href":"https:\/\/epood.ids.ee\/index.php?rest_route=%2Fwp%2Fv2%2Fproduct_cat&post=70"},{"taxonomy":"product_tag","embeddable":true,"href":"https:\/\/epood.ids.ee\/index.php?rest_route=%2Fwp%2Fv2%2Fproduct_tag&post=70"}],"curies":[{"name":"wp","href":"https:\/\/api.w.org\/{rel}","templated":true}]}}