{"id":706,"date":"2021-05-27T16:13:03","date_gmt":"2021-05-27T13:13:03","guid":{"rendered":"https:\/\/epood.ids80.ee\/?post_type=product&#038;p=706"},"modified":"2021-12-23T10:11:25","modified_gmt":"2021-12-23T07:11:25","slug":"iiyama-prolite-t1732msc-b5ag","status":"publish","type":"product","link":"https:\/\/epood.ids.ee\/?product=iiyama-prolite-t1732msc-b5ag","title":{"rendered":"Iiyama ProLite T1732MSC-B5AG"},"content":{"rendered":"<ul>\n<li>17&#8243; puutetundlik monitor (5:4)<\/li>\n<li>Ekraani diagonaal 43,2 cm<\/li>\n<li>Resolutsioon 1280&#215;1024<\/li>\n<li>Heledus 215cd<\/li>\n<li>Kontrast 1000:1<\/li>\n<li>Antiglare<\/li>\n<li>Kaasas olevad kaablid USB, VGA, Audio, toitejuhe<\/li>\n<li>Vaatanurk 170\/160\u00b0(H\/V)<\/li>\n<li>\u00dchenduse t\u00fc\u00fcp VGA<\/li>\n<li>V\u00e4rvus must<\/li>\n<li>Sisseehitatud k\u00f5larid<\/li>\n<\/ul>\n","protected":false},"excerpt":{"rendered":"<p>17&#8243; puutetundlik monitor (5:4) Ekraani diagonaal 43,2 cm Resolutsioon 1280&#215;1024 Heledus 215cd Kontrast 1000:1 Antiglare Kaasas olevad kaablid USB, VGA, Audio, toitejuhe Vaatanurk 170\/160\u00b0(H\/V) \u00dchenduse t\u00fc\u00fcp VGA V\u00e4rvus must Sisseehitatud k\u00f5larid<\/p>\n","protected":false},"featured_media":715,"template":"","meta":[],"product_cat":[20],"product_tag":[],"class_list":{"0":"post-706","1":"product","2":"type-product","3":"status-publish","4":"has-post-thumbnail","6":"product_cat-ekraanid","8":"first","9":"onbackorder","10":"taxable","11":"shipping-taxable","12":"product-type-simple","13":"col-xs-6 col-sm-4","14":"col-md-3 col-lg-3","15":"un-4-cols"},"_links":{"self":[{"href":"https:\/\/epood.ids.ee\/index.php?rest_route=\/wp\/v2\/product\/706","targetHints":{"allow":["GET"]}}],"collection":[{"href":"https:\/\/epood.ids.ee\/index.php?rest_route=\/wp\/v2\/product"}],"about":[{"href":"https:\/\/epood.ids.ee\/index.php?rest_route=\/wp\/v2\/types\/product"}],"version-history":[{"count":2,"href":"https:\/\/epood.ids.ee\/index.php?rest_route=\/wp\/v2\/product\/706\/revisions"}],"predecessor-version":[{"id":793,"href":"https:\/\/epood.ids.ee\/index.php?rest_route=\/wp\/v2\/product\/706\/revisions\/793"}],"wp:featuredmedia":[{"embeddable":true,"href":"https:\/\/epood.ids.ee\/index.php?rest_route=\/wp\/v2\/media\/715"}],"wp:attachment":[{"href":"https:\/\/epood.ids.ee\/index.php?rest_route=%2Fwp%2Fv2%2Fmedia&parent=706"}],"wp:term":[{"taxonomy":"product_cat","embeddable":true,"href":"https:\/\/epood.ids.ee\/index.php?rest_route=%2Fwp%2Fv2%2Fproduct_cat&post=706"},{"taxonomy":"product_tag","embeddable":true,"href":"https:\/\/epood.ids.ee\/index.php?rest_route=%2Fwp%2Fv2%2Fproduct_tag&post=706"}],"curies":[{"name":"wp","href":"https:\/\/api.w.org\/{rel}","templated":true}]}}