{"id":81,"date":"2021-04-26T11:26:21","date_gmt":"2021-04-26T08:26:21","guid":{"rendered":"https:\/\/epood.ids80.ee\/?post_type=product&#038;p=81"},"modified":"2021-12-23T10:09:59","modified_gmt":"2021-12-23T07:09:59","slug":"kliendiekraan-firich-fv-2029","status":"publish","type":"product","link":"https:\/\/epood.ids.ee\/?product=kliendiekraan-firich-fv-2029","title":{"rendered":"Kliendiekraan Firich FV-2029"},"content":{"rendered":"<ul>\n<li>2 realine, max 40 t\u00e4hem\u00e4rki<\/li>\n<li>12V<\/li>\n<li>V\u00e4rvus must<\/li>\n<li>K\u00f5rgus 208 &#8211; 508mm<\/li>\n<\/ul>\n","protected":false},"excerpt":{"rendered":"<p>2 realine, max 40 t\u00e4hem\u00e4rki 12V V\u00e4rvus must K\u00f5rgus 208 &#8211; 508mm<\/p>\n","protected":false},"featured_media":82,"template":"","meta":[],"product_cat":[26],"product_tag":[],"class_list":{"0":"post-81","1":"product","2":"type-product","3":"status-publish","4":"has-post-thumbnail","6":"product_cat-kliendiekraanid","8":"first","9":"onbackorder","10":"taxable","11":"shipping-taxable","12":"product-type-simple","13":"col-xs-6 col-sm-4","14":"col-md-3 col-lg-3","15":"un-4-cols"},"_links":{"self":[{"href":"https:\/\/epood.ids.ee\/index.php?rest_route=\/wp\/v2\/product\/81","targetHints":{"allow":["GET"]}}],"collection":[{"href":"https:\/\/epood.ids.ee\/index.php?rest_route=\/wp\/v2\/product"}],"about":[{"href":"https:\/\/epood.ids.ee\/index.php?rest_route=\/wp\/v2\/types\/product"}],"version-history":[{"count":2,"href":"https:\/\/epood.ids.ee\/index.php?rest_route=\/wp\/v2\/product\/81\/revisions"}],"predecessor-version":[{"id":790,"href":"https:\/\/epood.ids.ee\/index.php?rest_route=\/wp\/v2\/product\/81\/revisions\/790"}],"wp:featuredmedia":[{"embeddable":true,"href":"https:\/\/epood.ids.ee\/index.php?rest_route=\/wp\/v2\/media\/82"}],"wp:attachment":[{"href":"https:\/\/epood.ids.ee\/index.php?rest_route=%2Fwp%2Fv2%2Fmedia&parent=81"}],"wp:term":[{"taxonomy":"product_cat","embeddable":true,"href":"https:\/\/epood.ids.ee\/index.php?rest_route=%2Fwp%2Fv2%2Fproduct_cat&post=81"},{"taxonomy":"product_tag","embeddable":true,"href":"https:\/\/epood.ids.ee\/index.php?rest_route=%2Fwp%2Fv2%2Fproduct_tag&post=81"}],"curies":[{"name":"wp","href":"https:\/\/api.w.org\/{rel}","templated":true}]}}